{"id":649,"date":"2025-09-13T12:51:48","date_gmt":"2025-09-13T18:51:48","guid":{"rendered":"https:\/\/fraluva.com\/?page_id=649"},"modified":"2025-09-13T13:03:00","modified_gmt":"2025-09-13T19:03:00","slug":"aviso-de-privacidad","status":"publish","type":"page","link":"https:\/\/fraluva.com\/?page_id=649","title":{"rendered":"Aviso de Privacidad"},"content":{"rendered":"<p>[et_pb_section fb_built=\u00bb1&#8243; custom_padding_last_edited=\u00bbon|phone\u00bb admin_label=\u00bbHeader\u00bb _builder_version=\u00bb4.27.4&#8243; _module_preset=\u00bbf2212392-b96a-4227-9b9d-7fc75c71ed21&#8243; background_enable_color=\u00bboff\u00bb background_image=\u00bbhttps:\/\/fraluva.com\/wp-content\/uploads\/2025\/02\/CASA-VASCA-369-min.jpg\u00bb min_height=\u00bb733px\u00bb custom_padding=\u00bb8vw||0px||false|false\u00bb custom_padding_tablet=\u00bb20vw||0px||false|false\u00bb custom_padding_phone=\u00bb20vw||0px||false|false\u00bb hover_enabled=\u00bb0&#8243; locked=\u00bboff\u00bb global_colors_info=\u00bb{}\u00bb theme_builder_area=\u00bbpost_content\u00bb title_text=\u00bbCASA VASCA-369-min\u00bb sticky_enabled=\u00bb0&#8243;][et_pb_row _builder_version=\u00bb4.26.0&#8243; _module_preset=\u00bb1558413a-cabc-43ae-aee1-915e11673859&#8243; min_height=\u00bb337.4px\u00bb custom_margin=\u00bb|auto|24px|auto||\u00bb global_colors_info=\u00bb{}\u00bb theme_builder_area=\u00bbpost_content\u00bb][et_pb_column type=\u00bb4_4&#8243; _builder_version=\u00bb4.25.2&#8243; _module_preset=\u00bbdefault\u00bb global_colors_info=\u00bb{}\u00bb theme_builder_area=\u00bbpost_content\u00bb][et_pb_heading title=\u00bbFraluva\u00bb _builder_version=\u00bb4.27.2&#8243; _module_preset=\u00bb119be2d5-1767-41cf-b4e2-2f68ae14059b\u00bb title_text_align=\u00bbcenter\u00bb title_text_color=\u00bb#FFFFFF\u00bb global_colors_info=\u00bb{}\u00bb theme_builder_area=\u00bbpost_content\u00bb][\/et_pb_heading][et_pb_heading title=\u00bbAviso de Privacidad\u00bb _builder_version=\u00bb4.27.4&#8243; _module_preset=\u00bba234c78d-a693-48de-badc-1e0490d74382&#8243; title_text_align=\u00bbcenter\u00bb title_text_color=\u00bb#FFFFFF\u00bb max_width=\u00bb1080px\u00bb module_alignment=\u00bbcenter\u00bb hover_enabled=\u00bb0&#8243; global_colors_info=\u00bb{}\u00bb theme_builder_area=\u00bbpost_content\u00bb sticky_enabled=\u00bb0&#8243;][\/et_pb_heading][et_pb_text _builder_version=\u00bb4.27.4&#8243; _module_preset=\u00bbdefault\u00bb theme_builder_area=\u00bbpost_content\u00bb hover_enabled=\u00bb0&#8243; sticky_enabled=\u00bb0&#8243; header_text_align=\u00bbcenter\u00bb header_4_text_align=\u00bbcenter\u00bb header_4_text_color=\u00bb#FFFFFF\u00bb]<\/p>\n<h4>Fecha de \u00faltima actualizaci\u00f3n: 25 de agosto de 2025<\/h4>\n<p>[\/et_pb_text][\/et_pb_column][\/et_pb_row][\/et_pb_section][et_pb_section fb_built=\u00bb1&#8243; theme_builder_area=\u00bbpost_content\u00bb _builder_version=\u00bb4.27.4&#8243; _module_preset=\u00bbdefault\u00bb][et_pb_row _builder_version=\u00bb4.27.4&#8243; _module_preset=\u00bbdefault\u00bb theme_builder_area=\u00bbpost_content\u00bb][et_pb_column _builder_version=\u00bb4.27.4&#8243; _module_preset=\u00bbdefault\u00bb type=\u00bb4_4&#8243; theme_builder_area=\u00bbpost_content\u00bb][et_pb_text _builder_version=\u00bb4.27.4&#8243; _module_preset=\u00bbdefault\u00bb theme_builder_area=\u00bbpost_content\u00bb hover_enabled=\u00bb0&#8243; sticky_enabled=\u00bb0&#8243; header_3_font_size=\u00bb30px\u00bb header_3_text_color=\u00bb#4c4c4c\u00bb]<\/p>\n<h3>1. Identidad y domicilio de responsable<\/h3>\n<p>FRALUVA S. DE R.L. DE C.V. (en adelante \u201cFRALUVA\u201d), con domicilio en Laguna Yuriria 67, interior 101, Colonia Granada, Alcald\u00eda Miguel Hidalgo, C.P. 11520, Ciudad de M\u00e9xico, es el responsable del uso y protecci\u00f3n de sus datos personales, y al respecto le informamos lo siguiente.<\/p>\n<p>[\/et_pb_text][\/et_pb_column][\/et_pb_row][et_pb_row _builder_version=\u00bb4.27.4&#8243; _module_preset=\u00bbdefault\u00bb theme_builder_area=\u00bbpost_content\u00bb][et_pb_column _builder_version=\u00bb4.27.4&#8243; _module_preset=\u00bbdefault\u00bb type=\u00bb4_4&#8243; theme_builder_area=\u00bbpost_content\u00bb][et_pb_text _builder_version=\u00bb4.27.4&#8243; _module_preset=\u00bbdefault\u00bb theme_builder_area=\u00bbpost_content\u00bb hover_enabled=\u00bb0&#8243; sticky_enabled=\u00bb0&#8243; header_3_font_size=\u00bb27px\u00bb header_3_text_color=\u00bb#4c4c4c\u00bb]<\/p>\n<h3>2. Datos Personales que Recabamos<\/h3>\n<p>Para llevar a cabo las finalidades descritas en el presente aviso de privacidad, utilizaremos las siguientes categor\u00edas de datos personales:<\/p>\n<p><em><u>Datos de identificaci\u00f3n y contacto (proporcionados directamente por usted):<\/u><\/em><\/p>\n<ul>\n<li>Nombre completo.<\/li>\n<li>Correo electr\u00f3nico.<\/li>\n<li>N\u00famero de tel\u00e9fono.<\/li>\n<li>Cualquier otra informaci\u00f3n contenida en nuestro formulario de contacto.<\/li>\n<\/ul>\n<p><em><u>Datos de navegaci\u00f3n y uso (recabados de forma autom\u00e1tica):<\/u><\/em><\/p>\n<ul>\n<li>Direcci\u00f3n IP.<\/li>\n<li>Tipo y versi\u00f3n del navegador.<\/li>\n<li>Sistema operativo del dispositivo.<\/li>\n<li>P\u00e1ginas visitadas dentro de nuestro sitio web.<\/li>\n<li>Duraci\u00f3n de la visita.<\/li>\n<li>Datos de geolocalizaci\u00f3n aproximada (a nivel ciudad\/regi\u00f3n).<\/li>\n<\/ul>\n<p>[\/et_pb_text][\/et_pb_column][\/et_pb_row][et_pb_row _builder_version=\u00bb4.27.4&#8243; _module_preset=\u00bbdefault\u00bb theme_builder_area=\u00bbpost_content\u00bb][et_pb_column _builder_version=\u00bb4.27.4&#8243; _module_preset=\u00bbdefault\u00bb type=\u00bb4_4&#8243; theme_builder_area=\u00bbpost_content\u00bb][et_pb_text _builder_version=\u00bb4.27.4&#8243; _module_preset=\u00bbdefault\u00bb theme_builder_area=\u00bbpost_content\u00bb hover_enabled=\u00bb0&#8243; sticky_enabled=\u00bb0&#8243; header_3_font_size=\u00bb30px\u00bb header_3_text_color=\u00bb#4c4c4c\u00bb]<\/p>\n<h3>3. Finalidades del Tratamiento de sus Datos Personales<\/h3>\n<p>Los datos personales que recabamos de usted, los utilizaremos para las siguientes finalidades que son necesarias para el servicio que solicita:<\/p>\n<p><em><u>Finalidades Primarias (Necesarias):<\/u><\/em><\/p>\n<ul>\n<li>Contacto y Comunicaci\u00f3n: Para responder a sus mensajes, dudas, comentarios o solicitudes de informaci\u00f3n enviados a trav\u00e9s de nuestro formulario de contacto.<\/li>\n<li>Informaci\u00f3n sobre Inmuebles: Para dar seguimiento a su inter\u00e9s en los inmuebles disponibles para renta listados en nuestro sitio web.<\/li>\n<li>Gesti\u00f3n de Relaci\u00f3n Pre-contractual: Para establecer un primer contacto y, en su caso, agendar visitas o proporcionar detalles adicionales sobre las propiedades.<\/li>\n<li>Redirecci\u00f3n a Plataformas de Renta: Para facilitar el proceso de arrendamiento, nuestro sitio puede direccionar a plataformas de terceros como <strong>com<\/strong>.<\/li>\n<\/ul>\n<p>De manera adicional, utilizaremos su informaci\u00f3n personal para las siguientes finalidades secundarias que no son necesarias para el servicio solicitado, pero que nos permiten y facilitan brindarle una mejor atenci\u00f3n:<\/p>\n<p><em><u>Finalidades Secundarias (Accesorias):<\/u><\/em><\/p>\n<ul>\n<li>An\u00e1lisis y Mejora del Sitio Web: Para analizar el comportamiento de los usuarios de forma agregada y an\u00f3nima con el fin de mejorar la estructura, contenidos y usabilidad de nuestro sitio web.<\/li>\n<li>Marketing y Publicidad: Para enviarle informaci\u00f3n sobre nuevos inmuebles disponibles, promociones o noticias que consideremos puedan ser de su inter\u00e9s.<\/li>\n<\/ul>\n<p>En caso de que no desee que sus datos personales sean tratados para estas finalidades secundarias, usted puede manifestarlo enviando un correo electr\u00f3nico a soporte@fraluva.com indicando su negativa.<\/p>\n<p>[\/et_pb_text][\/et_pb_column][\/et_pb_row][et_pb_row _builder_version=\u00bb4.27.4&#8243; _module_preset=\u00bbdefault\u00bb theme_builder_area=\u00bbpost_content\u00bb][et_pb_column _builder_version=\u00bb4.27.4&#8243; _module_preset=\u00bbdefault\u00bb type=\u00bb4_4&#8243; theme_builder_area=\u00bbpost_content\u00bb][et_pb_text _builder_version=\u00bb4.27.4&#8243; _module_preset=\u00bbdefault\u00bb theme_builder_area=\u00bbpost_content\u00bb hover_enabled=\u00bb0&#8243; sticky_enabled=\u00bb0&#8243;]<\/p>\n<p>Le informamos que sus datos personales pueden ser compartidos dentro y fuera del pa\u00eds con las siguientes personas, empresas, organizaciones o autoridades distintas a nosotros, para los siguientes fines:<\/p>\n<table>\n<tbody>\n<tr>\n<td width=\"208\"><strong>Destinatario de datos personales<\/strong><\/td>\n<td width=\"85\"><strong>Pa\u00eds<\/strong><\/td>\n<td width=\"296\"><strong>Finalidad<\/strong><\/td>\n<\/tr>\n<tr>\n<td width=\"208\">Google LLC.<\/td>\n<td width=\"85\">EE.UU.<\/td>\n<td width=\"296\">Prestaci\u00f3n de servicios de anal\u00edtica web (Google Analytics) y visualizaci\u00f3n de mapas (Google Maps). Esta transferencia es necesaria para el mantenimiento y mejora del sitio web.<\/td>\n<\/tr>\n<tr>\n<td width=\"208\">Autoridades competentes<\/td>\n<td width=\"85\">M\u00e9xico<\/td>\n<td width=\"296\">En los casos legalmente previstos y requeridos por dichas autoridades, para el cumplimiento de obligaciones legales.<\/td>\n<\/tr>\n<\/tbody>\n<\/table>\n<p>&nbsp;<\/p>\n<p><em>Nota Importante: La redirecci\u00f3n a sitios como <strong>Homirent.com<\/strong> es un enlace externo. FRALUVA no transfiere sus datos personales (nombre, email, tel\u00e9fono) a dicho sitio de forma autom\u00e1tica. Cualquier dato que usted proporcione directamente en <strong>Homirent.com<\/strong> ser\u00e1 responsabilidad de esa entidad.<\/em><\/p>\n<p>[\/et_pb_text][\/et_pb_column][\/et_pb_row][et_pb_row _builder_version=\u00bb4.27.4&#8243; _module_preset=\u00bbdefault\u00bb theme_builder_area=\u00bbpost_content\u00bb][et_pb_column _builder_version=\u00bb4.27.4&#8243; _module_preset=\u00bbdefault\u00bb type=\u00bb4_4&#8243; theme_builder_area=\u00bbpost_content\u00bb][et_pb_text _builder_version=\u00bb4.27.4&#8243; _module_preset=\u00bbdefault\u00bb theme_builder_area=\u00bbpost_content\u00bb hover_enabled=\u00bb0&#8243; sticky_enabled=\u00bb0&#8243; header_3_font_size=\u00bb30px\u00bb header_3_text_color=\u00bb#4c4c4c\u00bb]<\/p>\n<h3>5. Derechos ARCO (Acceso, Rectificaci\u00f3n, Cancelaci\u00f3n y Oposici\u00f3n)<\/h3>\n<p>Usted tiene derecho a conocer qu\u00e9 datos personales tenemos de usted, para qu\u00e9 los utilizamos y las condiciones del uso que les damos (Acceso). Asimismo, es su derecho solicitar la correcci\u00f3n de su informaci\u00f3n personal en caso de que est\u00e9 desactualizada, sea inexacta o incompleta (Rectificaci\u00f3n); que la eliminemos de nuestros registros o bases de datos cuando considere que la misma no est\u00e1 siendo utilizada adecuadamente (Cancelaci\u00f3n); as\u00ed como oponerse al uso de sus datos personales para fines espec\u00edficos (Oposici\u00f3n). Estos derechos se conocen como derechos ARCO.<\/p>\n<p>Para el ejercicio de cualquiera de los derechos ARCO, usted deber\u00e1 presentar la solicitud respectiva a trav\u00e9s de un correo electr\u00f3nico a soporte@fraluva.com, la cual deber\u00e1 contener:<\/p>\n<ul>\n<li>Nombre completo del titular.<\/li>\n<li>Documento que acredite su identidad (INE, pasaporte, etc.).<\/li>\n<\/ul>\n<p>Descripci\u00f3n clara y precisa de los datos personales respecto de los que se busca ejercer alguno de los derechos ARCO.<\/p>\n<p>[\/et_pb_text][\/et_pb_column][\/et_pb_row][et_pb_row _builder_version=\u00bb4.27.4&#8243; _module_preset=\u00bbdefault\u00bb theme_builder_area=\u00bbpost_content\u00bb][et_pb_column _builder_version=\u00bb4.27.4&#8243; _module_preset=\u00bbdefault\u00bb type=\u00bb4_4&#8243; theme_builder_area=\u00bbpost_content\u00bb][et_pb_text _builder_version=\u00bb4.27.4&#8243; _module_preset=\u00bbdefault\u00bb theme_builder_area=\u00bbpost_content\u00bb hover_enabled=\u00bb0&#8243; sticky_enabled=\u00bb0&#8243; header_3_text_color=\u00bb#4c4c4c\u00bb header_3_font_size=\u00bb30px\u00bb]<\/p>\n<h3>6. Uso de Cookies, Web Beacons y Tecnolog\u00edas Similares<\/h3>\n<p>El sitio web de FRALUVA utiliza cookies y otras tecnolog\u00edas para monitorear su comportamiento como usuario de Internet y brindarle un mejor servicio y experiencia al navegar en nuestra p\u00e1gina. Las cookies que utilizamos son:<\/p>\n<ul>\n<li>Cookies Anal\u00edticas (Google Analytics): Recopilan informaci\u00f3n an\u00f3nima sobre c\u00f3mo los visitantes usan nuestro sitio para generar informes y ayudarnos a mejorar la experiencia.<\/li>\n<li>Cookies de Terceros (Google Maps): La integraci\u00f3n de mapas en nuestro sitio puede instalar cookies para almacenar preferencias de usuario y de geolocalizaci\u00f3n.<\/li>\n<\/ul>\n<p>Usted puede configurar su navegador para rechazar todas las cookies o para indicar cu\u00e1ndo se est\u00e1 enviando una. Consulte la secci\u00f3n de ayuda de su navegador para m\u00e1s informaci\u00f3n.<\/p>\n<p>[\/et_pb_text][\/et_pb_column][\/et_pb_row][et_pb_row _builder_version=\u00bb4.27.4&#8243; _module_preset=\u00bbdefault\u00bb theme_builder_area=\u00bbpost_content\u00bb][et_pb_column _builder_version=\u00bb4.27.4&#8243; _module_preset=\u00bbdefault\u00bb type=\u00bb4_4&#8243; theme_builder_area=\u00bbpost_content\u00bb][et_pb_text _builder_version=\u00bb4.27.4&#8243; _module_preset=\u00bbdefault\u00bb theme_builder_area=\u00bbpost_content\u00bb hover_enabled=\u00bb0&#8243; sticky_enabled=\u00bb0&#8243; header_3_font_size=\u00bb30px\u00bb header_3_text_color=\u00bb#4c4c4c\u00bb]<\/p>\n<h3>7. Modificaciones al Aviso de Privacidad<\/h3>\n<p>El presente aviso de privacidad puede sufrir modificaciones, cambios o actualizaciones derivadas de nuevos requerimientos legales; de nuestras propias necesidades por los productos o servicios que ofrecemos; de nuestras pr\u00e1cticas de privacidad; o por otras causas.<\/p>\n<p>Nos comprometemos a mantenerlo informado sobre los cambios que pueda sufrir el presente aviso de privacidad, a trav\u00e9s de su publicaci\u00f3n en nuestro sitio web <em><u><a href=\"https:\/\/fraluva.com\/privacidad\/\">fraluva.com\/aviso-de-privacidad<\/a>.<\/u><\/em><\/p>\n<p>[\/et_pb_text][\/et_pb_column][\/et_pb_row][\/et_pb_section]<\/p>\n","protected":false},"excerpt":{"rendered":"<p>Fecha de \u00faltima actualizaci\u00f3n: 25 de agosto de 20251. Identidad y domicilio de responsable FRALUVA S. DE R.L. DE C.V. (en adelante \u201cFRALUVA\u201d), con domicilio en Laguna Yuriria 67, interior 101, Colonia Granada, Alcald\u00eda Miguel Hidalgo, C.P. 11520, Ciudad de M\u00e9xico, es el responsable del uso y protecci\u00f3n de sus datos personales, y al respecto [&hellip;]<\/p>\n","protected":false},"author":2,"featured_media":0,"parent":0,"menu_order":0,"comment_status":"closed","ping_status":"closed","template":"","meta":{"_et_pb_use_builder":"on","_et_pb_old_content":"","_et_gb_content_width":"","footnotes":""},"class_list":["post-649","page","type-page","status-publish","hentry"],"_links":{"self":[{"href":"https:\/\/fraluva.com\/index.php?rest_route=\/wp\/v2\/pages\/649","targetHints":{"allow":["GET"]}}],"collection":[{"href":"https:\/\/fraluva.com\/index.php?rest_route=\/wp\/v2\/pages"}],"about":[{"href":"https:\/\/fraluva.com\/index.php?rest_route=\/wp\/v2\/types\/page"}],"author":[{"embeddable":true,"href":"https:\/\/fraluva.com\/index.php?rest_route=\/wp\/v2\/users\/2"}],"replies":[{"embeddable":true,"href":"https:\/\/fraluva.com\/index.php?rest_route=%2Fwp%2Fv2%2Fcomments&post=649"}],"version-history":[{"count":8,"href":"https:\/\/fraluva.com\/index.php?rest_route=\/wp\/v2\/pages\/649\/revisions"}],"predecessor-version":[{"id":661,"href":"https:\/\/fraluva.com\/index.php?rest_route=\/wp\/v2\/pages\/649\/revisions\/661"}],"wp:attachment":[{"href":"https:\/\/fraluva.com\/index.php?rest_route=%2Fwp%2Fv2%2Fmedia&parent=649"}],"curies":[{"name":"wp","href":"https:\/\/api.w.org\/{rel}","templated":true}]}}