{"id":301,"date":"2025-03-04T13:48:12","date_gmt":"2025-03-04T19:48:12","guid":{"rendered":"https:\/\/fraluva.com\/?page_id=301"},"modified":"2025-08-25T19:46:35","modified_gmt":"2025-08-26T01:46:35","slug":"villas-del-este","status":"publish","type":"page","link":"https:\/\/fraluva.com\/?page_id=301","title":{"rendered":"Villas del este"},"content":{"rendered":"<p>[et_pb_section fb_built=\u00bb1&#8243; admin_label=\u00bbDetails\u00bb _builder_version=\u00bb4.25.2&#8243; _module_preset=\u00bbdefault\u00bb locked=\u00bboff\u00bb global_colors_info=\u00bb{}\u00bb][et_pb_row _builder_version=\u00bb4.25.2&#8243; _module_preset=\u00bb1558413a-cabc-43ae-aee1-915e11673859&#8243; custom_padding=\u00bb||0px|||\u00bb global_colors_info=\u00bb{}\u00bb][et_pb_column type=\u00bb4_4&#8243; _builder_version=\u00bb4.25.2&#8243; _module_preset=\u00bbdefault\u00bb global_colors_info=\u00bb{}\u00bb][et_pb_heading title=\u00bbVillas del este\u00bb _builder_version=\u00bb4.27.4&#8243; _module_preset=\u00bbe225e47d-c92e-436a-99de-c2cad9eb4483&#8243; title_level=\u00bbh1&#8243; custom_margin=\u00bb||10px||false|false\u00bb global_colors_info=\u00bb{}\u00bb][\/et_pb_heading][\/et_pb_column][\/et_pb_row][et_pb_row column_structure=\u00bb2_3,1_3&#8243; make_equal=\u00bbon\u00bb _builder_version=\u00bb4.26.0&#8243; _module_preset=\u00bb1558413a-cabc-43ae-aee1-915e11673859&#8243; global_colors_info=\u00bb{}\u00bb][et_pb_column type=\u00bb2_3&#8243; _builder_version=\u00bb4.25.2&#8243; _module_preset=\u00bbdefault\u00bb global_colors_info=\u00bb{}\u00bb][et_pb_slider _builder_version=\u00bb4.27.4&#8243; _module_preset=\u00bbb66edbe6-614e-410f-822b-3fde6b2c61ff\u00bb background_image=\u00bbhttps:\/\/fraluva.com\/wp-content\/uploads\/2025\/03\/Villas-del-este-01.png\u00bb height=\u00bb500px\u00bb height_tablet=\u00bb50vw\u00bb height_phone=\u00bb50vw\u00bb height_last_edited=\u00bbon|desktop\u00bb global_colors_info=\u00bb{}\u00bb][et_pb_slide _builder_version=\u00bb4.27.4&#8243; _module_preset=\u00bbdefault\u00bb background_enable_color=\u00bboff\u00bb background_image=\u00bbhttps:\/\/fraluva.com\/wp-content\/uploads\/2025\/03\/Villas-del-este-17.png\u00bb background_enable_image=\u00bbon\u00bb background_size=\u00bbcontain\u00bb global_colors_info=\u00bb{}\u00bb sticky_transition=\u00bbon\u00bb][\/et_pb_slide][et_pb_slide _builder_version=\u00bb4.27.4&#8243; _module_preset=\u00bbdefault\u00bb background_enable_color=\u00bboff\u00bb background_image=\u00bbhttps:\/\/fraluva.com\/wp-content\/uploads\/2025\/03\/Villas-del-este-01.png\u00bb background_enable_image=\u00bbon\u00bb background_size=\u00bbcontain\u00bb global_colors_info=\u00bb{}\u00bb sticky_transition=\u00bbon\u00bb][\/et_pb_slide][et_pb_slide _builder_version=\u00bb4.27.4&#8243; _module_preset=\u00bbdefault\u00bb background_image=\u00bbhttps:\/\/fraluva.com\/wp-content\/uploads\/2025\/03\/Villas-del-este-10.png\u00bb background_enable_image=\u00bbon\u00bb background_size=\u00bbcontain\u00bb global_colors_info=\u00bb{}\u00bb sticky_transition=\u00bbon\u00bb][\/et_pb_slide][et_pb_slide _builder_version=\u00bb4.27.4&#8243; _module_preset=\u00bbdefault\u00bb background_image=\u00bbhttps:\/\/fraluva.com\/wp-content\/uploads\/2025\/03\/Villas-del-este-16.png\u00bb background_enable_image=\u00bbon\u00bb background_size=\u00bbcontain\u00bb global_colors_info=\u00bb{}\u00bb sticky_transition=\u00bbon\u00bb][\/et_pb_slide][\/et_pb_slider][\/et_pb_column][et_pb_column type=\u00bb1_3&#8243; _builder_version=\u00bb4.26.0&#8243; _module_preset=\u00bb60d6f064-0aae-4aa5-a3fb-803fd66d43df\u00bb global_colors_info=\u00bb{%22gcid-b6c4f12c-f25d-4f61-9fb1-6e96404634cd%22:%91%22background_color%22%93}\u00bb][et_pb_heading title=\u00bb$1,500 USD\u00bb _builder_version=\u00bb4.27.4&#8243; _module_preset=\u00bbd507e87e-d767-450b-aa6d-57138b69d40f\u00bb custom_margin=\u00bb||0px||false|false\u00bb hover_enabled=\u00bb0&#8243; global_colors_info=\u00bb{}\u00bb sticky_enabled=\u00bb0&#8243;][\/et_pb_heading][et_pb_heading title=\u00bb4 Habitaciones, 6 Ba\u00f1os, Acceso a club de playa\u00bb _builder_version=\u00bb4.27.4&#8243; _module_preset=\u00bbdebd5e62-2ec2-4cc7-bc26-bac9676b50de\u00bb custom_margin=\u00bb||0px||false|false\u00bb global_colors_info=\u00bb{}\u00bb][\/et_pb_heading][et_pb_text _builder_version=\u00bb4.27.4&#8243; _module_preset=\u00bb013f2f84-4f20-438b-8c09-1d5585345a78&#8243; global_colors_info=\u00bb{}\u00bb]<\/p>\n<div>\n<div class=\"vk_sh vk_bk\"><span>Villas del Este, Punta Ixtapa, Guerrero.<\/span><\/div>\n<\/div>\n<div class=\"Uekwlc MdlnDb\">\n<div class=\"pBr83e\"><\/div>\n<\/div>\n<p>[\/et_pb_text][et_pb_button button_text=\u00bbInformaci\u00f3n\u00bb _builder_version=\u00bb4.27.4&#8243; _module_preset=\u00bb84dde62d-71b5-4131-9dda-f9d54e317594&#8243; global_colors_info=\u00bb{}\u00bb][\/et_pb_button][\/et_pb_column][\/et_pb_row][\/et_pb_section][et_pb_section fb_built=\u00bb1&#8243; admin_label=\u00bbTable\u00bb _builder_version=\u00bb4.25.2&#8243; _module_preset=\u00bbdefault\u00bb locked=\u00bboff\u00bb global_colors_info=\u00bb{}\u00bb][et_pb_row column_structure=\u00bb2_3,1_3&#8243; _builder_version=\u00bb4.26.0&#8243; _module_preset=\u00bb1558413a-cabc-43ae-aee1-915e11673859&#8243; global_colors_info=\u00bb{}\u00bb][et_pb_column type=\u00bb2_3&#8243; _builder_version=\u00bb4.25.2&#8243; _module_preset=\u00bbdefault\u00bb global_colors_info=\u00bb{}\u00bb][et_pb_divider _builder_version=\u00bb4.25.2&#8243; _module_preset=\u00bbdefault\u00bb custom_margin=\u00bb||10px||false|false\u00bb locked=\u00bboff\u00bb global_colors_info=\u00bb{}\u00bb][\/et_pb_divider][et_pb_heading title=\u00bbDescripci\u00f3n\u00bb _builder_version=\u00bb4.25.2&#8243; _module_preset=\u00bbe225e47d-c92e-436a-99de-c2cad9eb4483&#8243; global_colors_info=\u00bb{}\u00bb][\/et_pb_heading][et_pb_text _builder_version=\u00bb4.27.4&#8243; _module_preset=\u00bbbdb43048-1d93-4e2d-9aec-4a1d8af54ddc\u00bb global_colors_info=\u00bb{}\u00bb]<\/p>\n<p><em>Villas del este,<\/em>\u00a0 exclusiva residencia ofrece <strong>4 rec\u00e1maras<\/strong>, <strong>5 ba\u00f1os<\/strong> y espacios dise\u00f1ados para el confort. La rec\u00e1mara principal incluye cama King, vestidor y ba\u00f1o completo; las dem\u00e1s rec\u00e1maras ofrecen flexibilidad para familias o invitados.<\/p>\n<p>Disfruta de una <strong>terraza<\/strong> con <strong>Jacuzzi<\/strong>, sala de TV, bar y cocina integral. Incluye <strong>staff<\/strong> de cocinera\/camarista (8:30 am &#8211; 5:30 pm) y acceso a amenidades como <strong>alberca<\/strong>, <strong>gimnasio<\/strong>, <strong>canchas de tenis<\/strong>, <strong>p\u00e1del<\/strong> y el exclusivo <strong>Club de Playa El Morro<\/strong>.<\/p>\n<p>Ubicada cerca de escuelas, centros comerciales y hospitales, Villas del Este es el refugio perfecto para una vida de lujo y tranquilidad.<\/p>\n<p>[\/et_pb_text][\/et_pb_column][et_pb_column type=\u00bb1_3&#8243; _builder_version=\u00bb4.26.0&#8243; _module_preset=\u00bb60d6f064-0aae-4aa5-a3fb-803fd66d43df\u00bb global_colors_info=\u00bb{%22gcid-b6c4f12c-f25d-4f61-9fb1-6e96404634cd%22:%91%22background_color%22%93}\u00bb][\/et_pb_column][\/et_pb_row][et_pb_row _builder_version=\u00bb4.25.2&#8243; _module_preset=\u00bb1558413a-cabc-43ae-aee1-915e11673859&#8243; global_colors_info=\u00bb{}\u00bb][et_pb_column type=\u00bb4_4&#8243; _builder_version=\u00bb4.25.2&#8243; _module_preset=\u00bbdefault\u00bb global_colors_info=\u00bb{}\u00bb][et_pb_heading title=\u00bbEspecificaciones\u00bb _builder_version=\u00bb4.25.2&#8243; _module_preset=\u00bbe225e47d-c92e-436a-99de-c2cad9eb4483&#8243; global_colors_info=\u00bb{}\u00bb][\/et_pb_heading][\/et_pb_column][\/et_pb_row][et_pb_row column_structure=\u00bb1_2,1_2&#8243; _builder_version=\u00bb4.25.2&#8243; _module_preset=\u00bb1558413a-cabc-43ae-aee1-915e11673859&#8243; global_colors_info=\u00bb{}\u00bb][et_pb_column type=\u00bb1_2&#8243; _builder_version=\u00bb4.25.2&#8243; _module_preset=\u00bbdefault\u00bb global_colors_info=\u00bb{}\u00bb][et_pb_blurb title=\u00bbHabitaciones\u00bb _builder_version=\u00bb4.26.0&#8243; _module_preset=\u00bbcfa57dd3-7eb4-45ed-98e0-497bf1c2cfed\u00bb global_colors_info=\u00bb{%22gcid-b70c6ec4-3d09-43b5-80df-154e6e990bf3%22:%91%22image_icon_background_color%22,%22image_icon_background_color%22,%22image_icon_background_color%22,%22image_icon_background_color%22%93,%22gcid-2ebbc52c-9ee6-4712-a077-fcaec9b98540%22:%91%22body_link_text_color%22,%22body_quote_border_color%22,%22body_quote_text_color%22,%22link_text_color%22,%22quote_text_color%22,%22quote_border_color%22,%22body_link_text_color%22,%22body_quote_border_color%22,%22body_quote_text_color%22,%22link_text_color%22,%22quote_text_color%22,%22quote_border_color%22%93}\u00bb]<\/p>\n<p>4<\/p>\n<p>[\/et_pb_blurb][et_pb_blurb title=\u00bbBa\u00f1os\u00bb _builder_version=\u00bb4.27.4&#8243; _module_preset=\u00bbcfa57dd3-7eb4-45ed-98e0-497bf1c2cfed\u00bb global_colors_info=\u00bb{%22gcid-b70c6ec4-3d09-43b5-80df-154e6e990bf3%22:%91%22image_icon_background_color%22,%22image_icon_background_color%22,%22image_icon_background_color%22,%22image_icon_background_color%22%93,%22gcid-2ebbc52c-9ee6-4712-a077-fcaec9b98540%22:%91%22body_link_text_color%22,%22body_quote_border_color%22,%22body_quote_text_color%22,%22link_text_color%22,%22quote_text_color%22,%22quote_border_color%22,%22body_link_text_color%22,%22body_quote_border_color%22,%22body_quote_text_color%22,%22link_text_color%22,%22quote_text_color%22,%22quote_border_color%22%93}\u00bb]<\/p>\n<p>6<\/p>\n<p>[\/et_pb_blurb][et_pb_blurb title=\u00bbpisos\u00bb _builder_version=\u00bb4.26.0&#8243; _module_preset=\u00bbcfa57dd3-7eb4-45ed-98e0-497bf1c2cfed\u00bb global_colors_info=\u00bb{%22gcid-b70c6ec4-3d09-43b5-80df-154e6e990bf3%22:%91%22image_icon_background_color%22,%22image_icon_background_color%22%93,%22gcid-2ebbc52c-9ee6-4712-a077-fcaec9b98540%22:%91%22body_link_text_color%22,%22body_quote_border_color%22,%22body_quote_text_color%22,%22link_text_color%22,%22quote_text_color%22,%22quote_border_color%22%93}\u00bb]<\/p>\n<p>2<\/p>\n<p>[\/et_pb_blurb][et_pb_blurb title=\u00bbAlberca\u00bb _builder_version=\u00bb4.26.0&#8243; _module_preset=\u00bbcfa57dd3-7eb4-45ed-98e0-497bf1c2cfed\u00bb global_colors_info=\u00bb{%22gcid-b70c6ec4-3d09-43b5-80df-154e6e990bf3%22:%91%22image_icon_background_color%22,%22image_icon_background_color%22%93,%22gcid-2ebbc52c-9ee6-4712-a077-fcaec9b98540%22:%91%22body_link_text_color%22,%22body_quote_border_color%22,%22body_quote_text_color%22,%22link_text_color%22,%22quote_text_color%22,%22quote_border_color%22%93}\u00bb]<\/p>\n<p>Incluida<\/p>\n<p>[\/et_pb_blurb][et_pb_blurb title=\u00bbaire acondicionado\u00bb _builder_version=\u00bb4.26.0&#8243; _module_preset=\u00bbcfa57dd3-7eb4-45ed-98e0-497bf1c2cfed\u00bb global_colors_info=\u00bb{%22gcid-b70c6ec4-3d09-43b5-80df-154e6e990bf3%22:%91%22image_icon_background_color%22,%22image_icon_background_color%22%93,%22gcid-2ebbc52c-9ee6-4712-a077-fcaec9b98540%22:%91%22body_link_text_color%22,%22body_quote_border_color%22,%22body_quote_text_color%22,%22link_text_color%22,%22quote_text_color%22,%22quote_border_color%22%93}\u00bb]<\/p>\n<p>Incluido<\/p>\n<p>[\/et_pb_blurb][\/et_pb_column][et_pb_column type=\u00bb1_2&#8243; _builder_version=\u00bb4.25.2&#8243; _module_preset=\u00bbdefault\u00bb global_colors_info=\u00bb{}\u00bb][et_pb_blurb title=\u00bbAmueblada\u00bb _builder_version=\u00bb4.26.0&#8243; _module_preset=\u00bbcfa57dd3-7eb4-45ed-98e0-497bf1c2cfed\u00bb global_colors_info=\u00bb{%22gcid-b70c6ec4-3d09-43b5-80df-154e6e990bf3%22:%91%22image_icon_background_color%22,%22image_icon_background_color%22,%22image_icon_background_color%22,%22image_icon_background_color%22%93,%22gcid-2ebbc52c-9ee6-4712-a077-fcaec9b98540%22:%91%22body_link_text_color%22,%22body_quote_border_color%22,%22body_quote_text_color%22,%22link_text_color%22,%22quote_text_color%22,%22quote_border_color%22,%22body_link_text_color%22,%22body_quote_border_color%22,%22body_quote_text_color%22,%22link_text_color%22,%22quote_text_color%22,%22quote_border_color%22%93}\u00bb]<\/p>\n<p>Incluida<\/p>\n<p>[\/et_pb_blurb][et_pb_blurb title=\u00bbJacuzzi\u00bb _builder_version=\u00bb4.26.0&#8243; _module_preset=\u00bbcfa57dd3-7eb4-45ed-98e0-497bf1c2cfed\u00bb global_colors_info=\u00bb{%22gcid-b70c6ec4-3d09-43b5-80df-154e6e990bf3%22:%91%22image_icon_background_color%22,%22image_icon_background_color%22,%22image_icon_background_color%22,%22image_icon_background_color%22%93,%22gcid-2ebbc52c-9ee6-4712-a077-fcaec9b98540%22:%91%22body_link_text_color%22,%22body_quote_border_color%22,%22body_quote_text_color%22,%22link_text_color%22,%22quote_text_color%22,%22quote_border_color%22,%22body_link_text_color%22,%22body_quote_border_color%22,%22body_quote_text_color%22,%22link_text_color%22,%22quote_text_color%22,%22quote_border_color%22%93}\u00bb]<\/p>\n<p>Incluido<\/p>\n<p>[\/et_pb_blurb][et_pb_blurb title=\u00bbAcceso a club de playa\u00bb _builder_version=\u00bb4.26.0&#8243; _module_preset=\u00bbcfa57dd3-7eb4-45ed-98e0-497bf1c2cfed\u00bb global_colors_info=\u00bb{%22gcid-b70c6ec4-3d09-43b5-80df-154e6e990bf3%22:%91%22image_icon_background_color%22,%22image_icon_background_color%22,%22image_icon_background_color%22,%22image_icon_background_color%22%93,%22gcid-2ebbc52c-9ee6-4712-a077-fcaec9b98540%22:%91%22body_link_text_color%22,%22body_quote_border_color%22,%22body_quote_text_color%22,%22link_text_color%22,%22quote_text_color%22,%22quote_border_color%22,%22body_link_text_color%22,%22body_quote_border_color%22,%22body_quote_text_color%22,%22link_text_color%22,%22quote_text_color%22,%22quote_border_color%22%93}\u00bb]<\/p>\n<p>Incluido<\/p>\n<p>[\/et_pb_blurb][et_pb_blurb title=\u00bb\u00faltima renovaci\u00f3n\u00bb _builder_version=\u00bb4.26.0&#8243; _module_preset=\u00bbcfa57dd3-7eb4-45ed-98e0-497bf1c2cfed\u00bb global_colors_info=\u00bb{%22gcid-b70c6ec4-3d09-43b5-80df-154e6e990bf3%22:%91%22image_icon_background_color%22,%22image_icon_background_color%22%93,%22gcid-2ebbc52c-9ee6-4712-a077-fcaec9b98540%22:%91%22body_link_text_color%22,%22body_quote_border_color%22,%22body_quote_text_color%22,%22link_text_color%22,%22quote_text_color%22,%22quote_border_color%22%93}\u00bb]<\/p>\n<p>2024<\/p>\n<p>[\/et_pb_blurb][et_pb_blurb title=\u00bbEstacionamiento\u00bb _builder_version=\u00bb4.26.0&#8243; _module_preset=\u00bbcfa57dd3-7eb4-45ed-98e0-497bf1c2cfed\u00bb global_colors_info=\u00bb{%22gcid-b70c6ec4-3d09-43b5-80df-154e6e990bf3%22:%91%22image_icon_background_color%22,%22image_icon_background_color%22%93,%22gcid-2ebbc52c-9ee6-4712-a077-fcaec9b98540%22:%91%22body_link_text_color%22,%22body_quote_border_color%22,%22body_quote_text_color%22,%22link_text_color%22,%22quote_text_color%22,%22quote_border_color%22%93}\u00bb]<\/p>\n<p>2 Veh\u00edculos<\/p>\n<p>[\/et_pb_blurb][\/et_pb_column][\/et_pb_row][et_pb_row _builder_version=\u00bb4.25.2&#8243; _module_preset=\u00bb1558413a-cabc-43ae-aee1-915e11673859&#8243; global_colors_info=\u00bb{}\u00bb][et_pb_column type=\u00bb4_4&#8243; _builder_version=\u00bb4.25.2&#8243; _module_preset=\u00bbdefault\u00bb global_colors_info=\u00bb{}\u00bb][\/et_pb_column][\/et_pb_row][et_pb_row _builder_version=\u00bb4.25.2&#8243; _module_preset=\u00bb1558413a-cabc-43ae-aee1-915e11673859&#8243; global_colors_info=\u00bb{}\u00bb][et_pb_column type=\u00bb4_4&#8243; _builder_version=\u00bb4.25.2&#8243; _module_preset=\u00bbdefault\u00bb global_colors_info=\u00bb{}\u00bb][et_pb_heading title=\u00bbUbicaci\u00f3n Privilegiada\u00bb _builder_version=\u00bb4.26.0&#8243; _module_preset=\u00bbe225e47d-c92e-436a-99de-c2cad9eb4483&#8243; global_colors_info=\u00bb{}\u00bb][\/et_pb_heading][\/et_pb_column][\/et_pb_row][et_pb_row column_structure=\u00bb1_2,1_2&#8243; _builder_version=\u00bb4.25.2&#8243; _module_preset=\u00bb1558413a-cabc-43ae-aee1-915e11673859&#8243; locked=\u00bboff\u00bb global_colors_info=\u00bb{}\u00bb][et_pb_column type=\u00bb1_2&#8243; _builder_version=\u00bb4.25.2&#8243; _module_preset=\u00bbdefault\u00bb global_colors_info=\u00bb{}\u00bb][et_pb_blurb title=\u00bbEscuelas\u00bb _builder_version=\u00bb4.27.4&#8243; _module_preset=\u00bbcfa57dd3-7eb4-45ed-98e0-497bf1c2cfed\u00bb global_colors_info=\u00bb{%22gcid-b70c6ec4-3d09-43b5-80df-154e6e990bf3%22:%91%22image_icon_background_color%22,%22image_icon_background_color%22,%22image_icon_background_color%22,%22image_icon_background_color%22%93,%22gcid-2ebbc52c-9ee6-4712-a077-fcaec9b98540%22:%91%22body_link_text_color%22,%22body_quote_border_color%22,%22body_quote_text_color%22,%22link_text_color%22,%22quote_text_color%22,%22quote_border_color%22,%22body_link_text_color%22,%22body_quote_border_color%22,%22body_quote_text_color%22,%22link_text_color%22,%22quote_text_color%22,%22quote_border_color%22%93}\u00bb]<\/p>\n<p>20 minutos<\/p>\n<p>[\/et_pb_blurb][et_pb_blurb title=\u00bbHospital\u00bb _builder_version=\u00bb4.27.4&#8243; _module_preset=\u00bbcfa57dd3-7eb4-45ed-98e0-497bf1c2cfed\u00bb global_colors_info=\u00bb{%22gcid-b70c6ec4-3d09-43b5-80df-154e6e990bf3%22:%91%22image_icon_background_color%22,%22image_icon_background_color%22,%22image_icon_background_color%22,%22image_icon_background_color%22%93,%22gcid-2ebbc52c-9ee6-4712-a077-fcaec9b98540%22:%91%22body_link_text_color%22,%22body_quote_border_color%22,%22body_quote_text_color%22,%22link_text_color%22,%22quote_text_color%22,%22quote_border_color%22,%22body_link_text_color%22,%22body_quote_border_color%22,%22body_quote_text_color%22,%22link_text_color%22,%22quote_text_color%22,%22quote_border_color%22%93}\u00bb]<\/p>\n<p>10 minutos<\/p>\n<p>[\/et_pb_blurb][\/et_pb_column][et_pb_column type=\u00bb1_2&#8243; _builder_version=\u00bb4.25.2&#8243; _module_preset=\u00bbdefault\u00bb global_colors_info=\u00bb{}\u00bb][et_pb_blurb title=\u00bbcentro comercial\u00bb _builder_version=\u00bb4.27.4&#8243; _module_preset=\u00bbcfa57dd3-7eb4-45ed-98e0-497bf1c2cfed\u00bb global_colors_info=\u00bb{%22gcid-b70c6ec4-3d09-43b5-80df-154e6e990bf3%22:%91%22image_icon_background_color%22,%22image_icon_background_color%22,%22image_icon_background_color%22,%22image_icon_background_color%22%93,%22gcid-2ebbc52c-9ee6-4712-a077-fcaec9b98540%22:%91%22body_link_text_color%22,%22body_quote_border_color%22,%22body_quote_text_color%22,%22link_text_color%22,%22quote_text_color%22,%22quote_border_color%22,%22body_link_text_color%22,%22body_quote_border_color%22,%22body_quote_text_color%22,%22link_text_color%22,%22quote_text_color%22,%22quote_border_color%22%93}\u00bb]<\/p>\n<p>10 minutos<\/p>\n<p>[\/et_pb_blurb][et_pb_blurb title=\u00bbSupermercado\u00bb _builder_version=\u00bb4.27.4&#8243; _module_preset=\u00bbcfa57dd3-7eb4-45ed-98e0-497bf1c2cfed\u00bb global_colors_info=\u00bb{%22gcid-b70c6ec4-3d09-43b5-80df-154e6e990bf3%22:%91%22image_icon_background_color%22,%22image_icon_background_color%22,%22image_icon_background_color%22,%22image_icon_background_color%22%93,%22gcid-2ebbc52c-9ee6-4712-a077-fcaec9b98540%22:%91%22body_link_text_color%22,%22body_quote_border_color%22,%22body_quote_text_color%22,%22link_text_color%22,%22quote_text_color%22,%22quote_border_color%22,%22body_link_text_color%22,%22body_quote_border_color%22,%22body_quote_text_color%22,%22link_text_color%22,%22quote_text_color%22,%22quote_border_color%22%93}\u00bb]<\/p>\n<p>10 minutos<\/p>\n<p>[\/et_pb_blurb][\/et_pb_column][\/et_pb_row][\/et_pb_section][et_pb_section fb_built=\u00bb1&#8243; admin_label=\u00bbTeam\u00bb _builder_version=\u00bb4.26.0&#8243; _module_preset=\u00bbb4c851ce-d31f-4e82-b3fe-3f8f505f891a\u00bb locked=\u00bboff\u00bb global_colors_info=\u00bb{%22gcid-b6c4f12c-f25d-4f61-9fb1-6e96404634cd%22:%91%22background_color%22%93}\u00bb][et_pb_row _builder_version=\u00bb4.25.2&#8243; _module_preset=\u00bb1558413a-cabc-43ae-aee1-915e11673859&#8243; global_colors_info=\u00bb{}\u00bb][et_pb_column type=\u00bb4_4&#8243; _builder_version=\u00bb4.25.2&#8243; _module_preset=\u00bbdefault\u00bb global_colors_info=\u00bb{}\u00bb][et_pb_heading title=\u00bbEstamos para servirte\u00bb _builder_version=\u00bb4.26.0&#8243; _module_preset=\u00bb4eb153cd-eac9-4d3a-9bc5-a7e8c06029b6&#8243; title_text_align=\u00bbcenter\u00bb max_width=\u00bb900px\u00bb module_alignment=\u00bbcenter\u00bb global_colors_info=\u00bb{}\u00bb][\/et_pb_heading][\/et_pb_column][\/et_pb_row][et_pb_row _builder_version=\u00bb4.25.2&#8243; _module_preset=\u00bb1558413a-cabc-43ae-aee1-915e11673859&#8243; global_colors_info=\u00bb{}\u00bb][et_pb_column type=\u00bb4_4&#8243; _builder_version=\u00bb4.25.2&#8243; _module_preset=\u00bbdefault\u00bb global_colors_info=\u00bb{}\u00bb][et_pb_button button_text=\u00bbContact Us\u00bb button_alignment=\u00bbcenter\u00bb _builder_version=\u00bb4.26.0&#8243; _module_preset=\u00bb84dde62d-71b5-4131-9dda-f9d54e317594&#8243; global_colors_info=\u00bb{}\u00bb][\/et_pb_button][\/et_pb_column][\/et_pb_row][\/et_pb_section]<\/p>\n","protected":false},"excerpt":{"rendered":"<p>Villas del Este, Punta Ixtapa, Guerrero. Villas del este,\u00a0 exclusiva residencia ofrece 4 rec\u00e1maras, 5 ba\u00f1os y espacios dise\u00f1ados para el confort. La rec\u00e1mara principal incluye cama King, vestidor y ba\u00f1o completo; las dem\u00e1s rec\u00e1maras ofrecen flexibilidad para familias o invitados. Disfruta de una terraza con Jacuzzi, sala de TV, bar y cocina integral. Incluye [&hellip;]<\/p>\n","protected":false},"author":1,"featured_media":0,"parent":20,"menu_order":0,"comment_status":"closed","ping_status":"closed","template":"","meta":{"_et_pb_use_builder":"on","_et_pb_old_content":"","_et_gb_content_width":"","footnotes":""},"class_list":["post-301","page","type-page","status-publish","hentry"],"_links":{"self":[{"href":"https:\/\/fraluva.com\/index.php?rest_route=\/wp\/v2\/pages\/301","targetHints":{"allow":["GET"]}}],"collection":[{"href":"https:\/\/fraluva.com\/index.php?rest_route=\/wp\/v2\/pages"}],"about":[{"href":"https:\/\/fraluva.com\/index.php?rest_route=\/wp\/v2\/types\/page"}],"author":[{"embeddable":true,"href":"https:\/\/fraluva.com\/index.php?rest_route=\/wp\/v2\/users\/1"}],"replies":[{"embeddable":true,"href":"https:\/\/fraluva.com\/index.php?rest_route=%2Fwp%2Fv2%2Fcomments&post=301"}],"version-history":[{"count":7,"href":"https:\/\/fraluva.com\/index.php?rest_route=\/wp\/v2\/pages\/301\/revisions"}],"predecessor-version":[{"id":640,"href":"https:\/\/fraluva.com\/index.php?rest_route=\/wp\/v2\/pages\/301\/revisions\/640"}],"up":[{"embeddable":true,"href":"https:\/\/fraluva.com\/index.php?rest_route=\/wp\/v2\/pages\/20"}],"wp:attachment":[{"href":"https:\/\/fraluva.com\/index.php?rest_route=%2Fwp%2Fv2%2Fmedia&parent=301"}],"curies":[{"name":"wp","href":"https:\/\/api.w.org\/{rel}","templated":true}]}}